{"id":1071,"date":"2017-07-19T15:33:23","date_gmt":"2017-07-19T15:33:23","guid":{"rendered":"http:\/\/olc-nt.ca\/?page_id=1071\/"},"modified":"2025-08-08T14:41:56","modified_gmt":"2025-08-08T14:41:56","slug":"la-commissaire","status":"publish","type":"page","link":"http:\/\/olc-nt.ca\/fr\/a-propos\/la-commissaire\/","title":{"rendered":"La commissaire"},"content":{"rendered":"<p><img loading=\"lazy\" decoding=\"async\" class=\"size-medium wp-image-1574 alignleft\" src=\"http:\/\/olc-nt.ca\/wp-content\/uploads\/2025\/08\/20250614_154634-250x300.jpg\" alt=\"\" width=\"250\" height=\"300\" srcset=\"http:\/\/olc-nt.ca\/wp-content\/uploads\/2025\/08\/20250614_154634-250x300.jpg 250w, http:\/\/olc-nt.ca\/wp-content\/uploads\/2025\/08\/20250614_154634-854x1024.jpg 854w, http:\/\/olc-nt.ca\/wp-content\/uploads\/2025\/08\/20250614_154634-768x921.jpg 768w, http:\/\/olc-nt.ca\/wp-content\/uploads\/2025\/08\/20250614_154634-1280x1536.jpg 1280w, http:\/\/olc-nt.ca\/wp-content\/uploads\/2025\/08\/20250614_154634-1707x2048.jpg 1707w\" sizes=\"(max-width: 250px) 100vw, 250px\" \/><\/p>\n<p>&nbsp;<\/p>\n<p>N\u00e9e \u00e0 Inuvik, aux Territoires du Nord-Ouest, M<sup>me<\/sup>\u00a0Carnogursky est d\u2019origine gwich\u2019in. Apr\u00e8s avoir fait des \u00e9tudes postsecondaires, elle obtient un dipl\u00f4me en services correctionnels ainsi qu\u2019un dipl\u00f4me en justice p\u00e9nale.<\/p>\n<p>La carri\u00e8re de M<sup>me<\/sup> Carnogursky dans la fonction publique, qu\u2019elle m\u00e8ne depuis 18 ans, commence au minist\u00e8re de la Justice, plus pr\u00e9cis\u00e9ment au Centre de d\u00e9tention pour jeunes contrevenants du Slave Nord, o\u00f9 elle exerce d\u2019abord la fonction d\u2019agente de probation, puis celle d\u2019agente principale de probation. Ces postes lui permettent d\u2019acqu\u00e9rir une exp\u00e9rience pr\u00e9cieuse pour mener des entrevues; interpr\u00e9ter les lois, les r\u00e8glements, les politiques et les proc\u00e9dures; r\u00e9diger des rapports; et formuler des recommandations. Ensuite, \u00e0 titre de gestionnaire de la diversit\u00e9 et de l\u2019inclusion au minist\u00e8re des Finances, elle \u00e9labore et \u00e9value des strat\u00e9gies, des initiatives et des programmes globaux de diversit\u00e9 et d\u2019inclusion \u00e0 l\u2019\u00e9chelle du GTNO, en plus de rep\u00e9rer les obstacles syst\u00e9miques dans la fonction publique et d\u2019\u00e9mettre des recommandations pour les surmonter.<\/p>\n<p>Krista a \u00e9t\u00e9 nomm\u00e9e commissaire aux langues par int\u00e9rim par l\u2019Assembl\u00e9e l\u00e9gislative et est entr\u00e9e en fonction le 10\u00a0janvier\u00a02025.<\/p>\n<p>Le commissaire aux langues des Territoires du Nord-Ouest est un agent ind\u00e9pendant de l\u2019Assembl\u00e9e l\u00e9gislative. Son r\u00f4le vise \u00e0 faire conna\u00eetre le Commissariat aux langues officielles, \u00e0 mener des enqu\u00eates, \u00e0 produire des rapports et \u00e0 formuler des recommandations pour veiller au respect de la <em>Loi sur les langues officielles, <\/em>garantissant ainsi la reconnaissance des droits, du statut et des privil\u00e8ges associ\u00e9s \u00e0 chacune des onze langues officielles des Territoires du Nord-Ouest.<\/p>\n<p>&nbsp;<\/p>\n","protected":false},"excerpt":{"rendered":"<p>&nbsp; N\u00e9e \u00e0 Inuvik, aux Territoires du Nord-Ouest, Mme\u00a0Carnogursky est d\u2019origine gwich\u2019in. Apr\u00e8s avoir fait des \u00e9tudes postsecondaires, elle obtient un dipl\u00f4me en services correctionnels ainsi qu\u2019un dipl\u00f4me en justice p\u00e9nale. La carri\u00e8re de Mme Carnogursky dans la fonction publique, qu\u2019elle m\u00e8ne depuis 18 ans, commence au minist\u00e8re de la Justice, plus pr\u00e9cis\u00e9ment au Centre &#8230; <a title=\"La commissaire\" class=\"read-more\" href=\"http:\/\/olc-nt.ca\/fr\/a-propos\/la-commissaire\/\" aria-label=\"En savoir plus sur La commissaire\">Read more<\/a><\/p>\n","protected":false},"author":1,"featured_media":0,"parent":1068,"menu_order":0,"comment_status":"closed","ping_status":"closed","template":"","meta":{"generate_page_header":"","jetpack_post_was_ever_published":false,"footnotes":""},"aioseo_notices":[],"jetpack_sharing_enabled":true,"_links":{"self":[{"href":"http:\/\/olc-nt.ca\/fr\/wp-json\/wp\/v2\/pages\/1071"}],"collection":[{"href":"http:\/\/olc-nt.ca\/fr\/wp-json\/wp\/v2\/pages"}],"about":[{"href":"http:\/\/olc-nt.ca\/fr\/wp-json\/wp\/v2\/types\/page"}],"author":[{"embeddable":true,"href":"http:\/\/olc-nt.ca\/fr\/wp-json\/wp\/v2\/users\/1"}],"replies":[{"embeddable":true,"href":"http:\/\/olc-nt.ca\/fr\/wp-json\/wp\/v2\/comments?post=1071"}],"version-history":[{"count":7,"href":"http:\/\/olc-nt.ca\/fr\/wp-json\/wp\/v2\/pages\/1071\/revisions"}],"predecessor-version":[{"id":1581,"href":"http:\/\/olc-nt.ca\/fr\/wp-json\/wp\/v2\/pages\/1071\/revisions\/1581"}],"up":[{"embeddable":true,"href":"http:\/\/olc-nt.ca\/fr\/wp-json\/wp\/v2\/pages\/1068"}],"wp:attachment":[{"href":"http:\/\/olc-nt.ca\/fr\/wp-json\/wp\/v2\/media?parent=1071"}],"curies":[{"name":"wp","href":"https:\/\/api.w.org\/{rel}","templated":true}]}}