{"id":1082,"date":"2017-07-19T16:11:04","date_gmt":"2017-07-19T16:11:04","guid":{"rendered":"http:\/\/olc-nt.ca\/?page_id=1082\/"},"modified":"2021-07-16T19:50:58","modified_gmt":"2021-07-16T19:50:58","slug":"accueil","status":"publish","type":"page","link":"http:\/\/olc-nt.ca\/fr\/","title":{"rendered":"Accueil"},"content":{"rendered":"<h1 style=\"text-align: center;\">Bienvenue au Commissariat aux langues<\/h1>\n<p>Le Commissariat aux langues des Territoires du Nord-Ouest a \u00e9t\u00e9 cr\u00e9\u00e9 en vertu de la <em>Loi sur les langues officielles<\/em>. Le commissaire est nomm\u00e9 par l\u2019Assembl\u00e9e l\u00e9gislative des Territoires du Nord-Ouest pour traiter les plaintes relatives aux violations linguistiques, comme pr\u00e9vu par la Loi. Le Commissariat aux langues fait partie des dispositions l\u00e9gislatives pr\u00e9vues pour prot\u00e9ger, promouvoir, et pr\u00e9server les langues officielles.<\/p>\n<p>Si vous avez besoin de mesures d\u2019adaptation pour acc\u00e9der \u00e0 nos services ou si vous souhaitez recevoir l\u2019une de nos publications dans un autre format, veuillez communiquer avec nous.<\/p>\n<p>&nbsp;<\/p>\n<div class=\"su-row\"><div class=\"su-column su-column-size-1-3\"><div class=\"su-column-inner su-u-clearfix su-u-trim\"><a class=\"homepage hp_darkbrown wm_button\" href=\"http:\/\/olc-nt.ca\/fr\/about\/\">\u00c0 PROPOS<\/a><\/div><\/div><div class=\"su-column su-column-size-1-3\"><div class=\"su-column-inner su-u-clearfix su-u-trim\"><a class=\"hp_olcgold homepage wm_button\" href=\"http:\/\/olc-nt.ca\/fr\/languages\/\">LANGUES<\/a><\/div><\/div><div class=\"su-column su-column-size-1-3\"><div class=\"su-column-inner su-u-clearfix su-u-trim\"><a class=\"wm_button homepage hp_lightbrown\" href=\"http:\/\/olc-nt.ca\/fr\/legislation\/\">L\u00c9GISLATION<\/a><\/div><\/div>\n<\/div>\n<div class=\"su-row\"><div class=\"su-column su-column-size-1-3\"><div class=\"su-column-inner su-u-clearfix su-u-trim\"><a class=\"homepage hp_lightbrown wm_button\" href=\"http:\/\/olc-nt.ca\/fr\/reports\/\">RAPPORTS<\/a><\/div><\/div> <div class=\"su-column su-column-size-1-3\"><div class=\"su-column-inner su-u-clearfix su-u-trim\"><a class=\"hp_darkbrown homepage wm_button\" href=\"http:\/\/olc-nt.ca\/fr\/resources\/\">RESSOURCES<br \/>\n<\/a><\/div><\/div> <div class=\"su-column su-column-size-1-3\"><div class=\"su-column-inner su-u-clearfix su-u-trim\"><a class=\"wm_button homepage hp_olcgold\" href=\"https:\/\/olc-nt.ca\/fr\/ressources\/formulaire-de-plainte\/\">D\u00c9POSER UNE PLAINTE<\/a><\/div><\/div><\/div>\n","protected":false},"excerpt":{"rendered":"<p>Bienvenue au Commissariat aux langues Le Commissariat aux langues des Territoires du Nord-Ouest a \u00e9t\u00e9 cr\u00e9\u00e9 en vertu de la Loi sur les langues officielles. Le commissaire est nomm\u00e9 par l\u2019Assembl\u00e9e l\u00e9gislative des Territoires du Nord-Ouest pour traiter les plaintes relatives aux violations linguistiques, comme pr\u00e9vu par la Loi. Le Commissariat aux langues fait partie &#8230; <a title=\"Accueil\" class=\"read-more\" href=\"http:\/\/olc-nt.ca\/fr\/\" aria-label=\"En savoir plus sur Accueil\">Read more<\/a><\/p>\n","protected":false},"author":1,"featured_media":0,"parent":0,"menu_order":0,"comment_status":"closed","ping_status":"closed","template":"","meta":{"generate_page_header":"","jetpack_post_was_ever_published":false,"footnotes":""},"aioseo_notices":[],"jetpack_sharing_enabled":true,"_links":{"self":[{"href":"http:\/\/olc-nt.ca\/fr\/wp-json\/wp\/v2\/pages\/1082"}],"collection":[{"href":"http:\/\/olc-nt.ca\/fr\/wp-json\/wp\/v2\/pages"}],"about":[{"href":"http:\/\/olc-nt.ca\/fr\/wp-json\/wp\/v2\/types\/page"}],"author":[{"embeddable":true,"href":"http:\/\/olc-nt.ca\/fr\/wp-json\/wp\/v2\/users\/1"}],"replies":[{"embeddable":true,"href":"http:\/\/olc-nt.ca\/fr\/wp-json\/wp\/v2\/comments?post=1082"}],"version-history":[{"count":5,"href":"http:\/\/olc-nt.ca\/fr\/wp-json\/wp\/v2\/pages\/1082\/revisions"}],"predecessor-version":[{"id":1439,"href":"http:\/\/olc-nt.ca\/fr\/wp-json\/wp\/v2\/pages\/1082\/revisions\/1439"}],"wp:attachment":[{"href":"http:\/\/olc-nt.ca\/fr\/wp-json\/wp\/v2\/media?parent=1082"}],"curies":[{"name":"wp","href":"https:\/\/api.w.org\/{rel}","templated":true}]}}