{"id":1098,"date":"2017-07-19T21:24:40","date_gmt":"2017-07-19T21:24:40","guid":{"rendered":"http:\/\/olc-nt.ca\/?page_id=1098\/"},"modified":"2017-07-19T21:24:40","modified_gmt":"2017-07-19T21:24:40","slug":"liens","status":"publish","type":"page","link":"http:\/\/olc-nt.ca\/fr\/ressources\/liens\/","title":{"rendered":"LIENS"},"content":{"rendered":"<p><strong>Bureaux du commissaire aux langues\u00a0:<\/strong><\/p>\n<ul>\n<li><a href=\"http:\/\/www.ocol-clo.gc.ca\/fr\">Commissariat aux langues officielles (gouvernement f\u00e9d\u00e9ral)<\/a><\/li>\n<li><a href=\"http:\/\/langcom.nu.ca\/\">Bureau du commissaire aux langues du Nunavut<\/a><\/li>\n<li><a href=\"http:\/\/languagecommissioners.org\/\">Association internationale des commissaires linguistiques<\/a><\/li>\n<\/ul>\n<p><strong>Assembl\u00e9e l\u00e9gislative des Territoires du Nord-Ouest <\/strong><\/p>\n<ul>\n<li><a href=\"http:\/\/www.assembly.gov.nt.ca\">Site Web de l\u2019Assembl\u00e9e l\u00e9gislative<\/a><\/li>\n<li><a href=\"http:\/\/www.assembly.gov.nt.ca\/fr\/meet-members\/mla\/alfred-moses\">Alfred\u00a0Moses, ministre responsable des langues officielles<\/a><strong>\u00a0<\/strong><\/li>\n<\/ul>\n<p><strong>Bureaux gouvernementaux<\/strong><\/p>\n<p><a href=\"https:\/\/www.ece.gov.nt.ca\/fr\">\u00c9ducation, Culture et Formation<\/a><\/p>\n<p><strong>Organismes connexes\u00a0:<\/strong><\/p>\n<ul>\n<li><a href=\"http:\/\/atipp-nt.ca\/\">Commissaire \u00e0 l\u2019information et \u00e0 la protection de la vie priv\u00e9e<\/a><\/li>\n<li><a href=\"http:\/\/nwthumanrights.ca\/?lang=fr\">Commission des droits de la personne<\/a><\/li>\n<li><a href=\"http:\/\/hrap.nt.ca\/\">Tribunal d\u2019arbitrage des droits de la personne<\/a><\/li>\n<\/ul>\n<p><strong>Organismes autochtones\u00a0:<\/strong><\/p>\n<p><a href=\"http:\/\/www.nwt2000.com\/aborig.html\">http:\/\/www.nwt2000.com\/aborig.html<\/a><\/p>\n<p><strong>Organismes francophones\u00a0:<\/strong><\/p>\n<p><a href=\"http:\/\/www.federation-franco-tenoise.com\/\">F\u00e9d\u00e9ration franco-t\u00e9noise<\/a><\/p>\n<p><a href=\"http:\/\/afcy.info\/\">Association franco-culturelle de Yellowknife<\/a><\/p>\n<p><strong>Avis<\/strong>\u00a0:<\/p>\n<p>Notez que l\u2019inclusion des liens ci-dessus \u00e0 la pr\u00e9sente liste n\u2019indique pas forc\u00e9ment que nous approuvons leur contenu. \u00c0 titre indicatif seulement.<\/p>\n","protected":false},"excerpt":{"rendered":"<p>Bureaux du commissaire aux langues\u00a0: Commissariat aux langues officielles (gouvernement f\u00e9d\u00e9ral) Bureau du commissaire aux langues du Nunavut Association internationale des commissaires linguistiques Assembl\u00e9e l\u00e9gislative des Territoires du Nord-Ouest Site Web de l\u2019Assembl\u00e9e l\u00e9gislative Alfred\u00a0Moses, ministre responsable des langues officielles\u00a0 Bureaux gouvernementaux \u00c9ducation, Culture et Formation Organismes connexes\u00a0: Commissaire \u00e0 l\u2019information et \u00e0 la protection &#8230; <a title=\"LIENS\" class=\"read-more\" href=\"http:\/\/olc-nt.ca\/fr\/ressources\/liens\/\" aria-label=\"En savoir plus sur LIENS\">Read more<\/a><\/p>\n","protected":false},"author":1,"featured_media":0,"parent":1114,"menu_order":0,"comment_status":"closed","ping_status":"closed","template":"","meta":{"generate_page_header":"","jetpack_post_was_ever_published":false,"footnotes":""},"aioseo_notices":[],"jetpack_sharing_enabled":true,"_links":{"self":[{"href":"http:\/\/olc-nt.ca\/fr\/wp-json\/wp\/v2\/pages\/1098"}],"collection":[{"href":"http:\/\/olc-nt.ca\/fr\/wp-json\/wp\/v2\/pages"}],"about":[{"href":"http:\/\/olc-nt.ca\/fr\/wp-json\/wp\/v2\/types\/page"}],"author":[{"embeddable":true,"href":"http:\/\/olc-nt.ca\/fr\/wp-json\/wp\/v2\/users\/1"}],"replies":[{"embeddable":true,"href":"http:\/\/olc-nt.ca\/fr\/wp-json\/wp\/v2\/comments?post=1098"}],"version-history":[{"count":1,"href":"http:\/\/olc-nt.ca\/fr\/wp-json\/wp\/v2\/pages\/1098\/revisions"}],"predecessor-version":[{"id":1099,"href":"http:\/\/olc-nt.ca\/fr\/wp-json\/wp\/v2\/pages\/1098\/revisions\/1099"}],"up":[{"embeddable":true,"href":"http:\/\/olc-nt.ca\/fr\/wp-json\/wp\/v2\/pages\/1114"}],"wp:attachment":[{"href":"http:\/\/olc-nt.ca\/fr\/wp-json\/wp\/v2\/media?parent=1098"}],"curies":[{"name":"wp","href":"https:\/\/api.w.org\/{rel}","templated":true}]}}