{"id":1104,"date":"2017-07-19T21:38:34","date_gmt":"2017-07-19T21:38:34","guid":{"rendered":"http:\/\/olc-nt.ca\/?page_id=1104\/"},"modified":"2017-07-19T21:38:34","modified_gmt":"2017-07-19T21:38:34","slug":"langues-denees","status":"publish","type":"page","link":"http:\/\/olc-nt.ca\/fr\/langues\/langues-denees\/","title":{"rendered":"Langues d\u00e9n\u00e9es"},"content":{"rendered":"<p>Le <strong><u>t\u0142\u0131\u0328cho\u0328 yat\u0131\u0131\u0300<\/u> <\/strong>est une langue d\u00e9n\u00e9e du nord parl\u00e9e par le peuple d\u00e9n\u00e9 t\u0142\u0131\u0328cho\u0328. L\u2019enqu\u00eate men\u00e9e aupr\u00e8s des collectivit\u00e9s des TNO en 2014 a r\u00e9v\u00e9l\u00e9 que plus de 2\u00a0235\u00a0personnes parlaient le t\u0142\u0131\u0328cho\u0328. La r\u00e9gion des T\u0142\u0131\u0328cho\u0328 couvre la c\u00f4te nord du Grand lac des Esclaves, atteignant presque le Grand lac de l\u2019Ours. Behchoko\u0328\u0300 est la plus grande collectivit\u00e9 de la r\u00e9gion des T\u0142\u0131\u0328cho\u0328.<\/p>\n<p>Le <strong><u>de\u0308ne su\u0328\u0142\u0131ne\u0301<\/u><\/strong> s\u2019appelle aussi chipewyan. L\u2019enqu\u00eate men\u00e9e aupr\u00e8s des collectivit\u00e9s des TNO en 2014 a r\u00e9v\u00e9l\u00e9 que plus de 560\u00a0personnes parlaient le de\u0308ne su\u0328\u0142\u0131ne\u0301. Au Canada, plus de 12\u00a0000\u00a0personnes parlent cette langue, notamment en Saskatchewan, en Alberta, au Manitoba et aux Territoires du Nord-Ouest. Sa r\u00e9gion linguistique couvre la rive sud du Grand lac des Esclaves et s\u2019\u00e9tend jusqu\u2019au nord de l\u2019Alberta, de la Saskatchewan et du Manitoba, et m\u00eame le sud du Nunavut.<\/p>\n<p>Le <strong><u>dene zhat\u0131e\u0301<\/u> <\/strong>s\u2019appelle aussi l\u2019esclave du Sud. Il s\u2019agit de la langue des D\u00e9n\u00e9s de la r\u00e9gion du Dehcho. L\u2019enqu\u00eate men\u00e9e aupr\u00e8s des collectivit\u00e9s des TNO en 2014 a r\u00e9v\u00e9l\u00e9 que plus de 1\u00a0440\u00a0personnes parlaient le dene zhat\u0131e\u0301. La r\u00e9gion du Dehcho couvre la partie sud du fleuve Mackenzie (ou Deh Cho) et se prolonge vers le sud, jusque dans le nord de l\u2019Alberta et la Colombie-Britannique.<\/p>\n<p>Le <strong><u>saht\u00faot\u2019\u0131\u0328n\u0119 yat\u0131\u0328\u0301<\/u><\/strong> s\u2019appelle aussi esclave du Nord. L\u2019enqu\u00eate men\u00e9e aupr\u00e8s des collectivit\u00e9s des TNO en 2014 a r\u00e9v\u00e9l\u00e9 que plus de 1\u00a0080\u00a0personnes parlaient le saht\u00faot\u2019\u0131\u0328n\u0119 yat\u0131\u0328\u0301. La r\u00e9gion du Saht\u00fa s\u2019\u00e9tend des rives occidentales du Grand lac de l\u2019Ours jusqu\u2019\u00e0 l\u2019ouest de la fronti\u00e8re des TNO avec le Yukon.<\/p>\n<p>Le <strong><u>gwich\u2019in<\/u><\/strong> est parl\u00e9 par le peuple gwich\u2019in. L\u2019enqu\u00eate men\u00e9e aupr\u00e8s des collectivit\u00e9s des TNO en 2014 a r\u00e9v\u00e9l\u00e9 que plus de 335\u00a0personnes parlaient le gwich\u2019in. La r\u00e9gion linguistique du gwich\u2019in s\u2019\u00e9tend des berges septentrionales du fleuve Mackenzie jusqu\u2019au nord du Yukon et au nord-est de l\u2019Alaska.<\/p>\n","protected":false},"excerpt":{"rendered":"<p>Le t\u0142\u0131\u0328cho\u0328 yat\u0131\u0131\u0300 est une langue d\u00e9n\u00e9e du nord parl\u00e9e par le peuple d\u00e9n\u00e9 t\u0142\u0131\u0328cho\u0328. L\u2019enqu\u00eate men\u00e9e aupr\u00e8s des collectivit\u00e9s des TNO en 2014 a r\u00e9v\u00e9l\u00e9 que plus de 2\u00a0235\u00a0personnes parlaient le t\u0142\u0131\u0328cho\u0328. La r\u00e9gion des T\u0142\u0131\u0328cho\u0328 couvre la c\u00f4te nord du Grand lac des Esclaves, atteignant presque le Grand lac de l\u2019Ours. Behchoko\u0328\u0300 est &#8230; <a title=\"Langues d\u00e9n\u00e9es\" class=\"read-more\" href=\"http:\/\/olc-nt.ca\/fr\/langues\/langues-denees\/\" aria-label=\"En savoir plus sur Langues d\u00e9n\u00e9es\">Read more<\/a><\/p>\n","protected":false},"author":1,"featured_media":0,"parent":1100,"menu_order":2,"comment_status":"closed","ping_status":"closed","template":"","meta":{"generate_page_header":"","jetpack_post_was_ever_published":false,"footnotes":""},"aioseo_notices":[],"jetpack_sharing_enabled":true,"_links":{"self":[{"href":"http:\/\/olc-nt.ca\/fr\/wp-json\/wp\/v2\/pages\/1104"}],"collection":[{"href":"http:\/\/olc-nt.ca\/fr\/wp-json\/wp\/v2\/pages"}],"about":[{"href":"http:\/\/olc-nt.ca\/fr\/wp-json\/wp\/v2\/types\/page"}],"author":[{"embeddable":true,"href":"http:\/\/olc-nt.ca\/fr\/wp-json\/wp\/v2\/users\/1"}],"replies":[{"embeddable":true,"href":"http:\/\/olc-nt.ca\/fr\/wp-json\/wp\/v2\/comments?post=1104"}],"version-history":[{"count":1,"href":"http:\/\/olc-nt.ca\/fr\/wp-json\/wp\/v2\/pages\/1104\/revisions"}],"predecessor-version":[{"id":1105,"href":"http:\/\/olc-nt.ca\/fr\/wp-json\/wp\/v2\/pages\/1104\/revisions\/1105"}],"up":[{"embeddable":true,"href":"http:\/\/olc-nt.ca\/fr\/wp-json\/wp\/v2\/pages\/1100"}],"wp:attachment":[{"href":"http:\/\/olc-nt.ca\/fr\/wp-json\/wp\/v2\/media?parent=1104"}],"curies":[{"name":"wp","href":"https:\/\/api.w.org\/{rel}","templated":true}]}}