{"id":1106,"date":"2017-07-19T21:39:31","date_gmt":"2017-07-19T21:39:31","guid":{"rendered":"http:\/\/olc-nt.ca\/?page_id=1106\/"},"modified":"2017-07-19T21:39:31","modified_gmt":"2017-07-19T21:39:31","slug":"langues-inuites","status":"publish","type":"page","link":"http:\/\/olc-nt.ca\/fr\/langues\/langues-inuites\/","title":{"rendered":"Langues inuites"},"content":{"rendered":"<p>L\u2019<strong><u>inuvialuktun<\/u><\/strong> renvoie \u00e0 deux dialectes distincts\u00a0: le siglitun et l\u2019uummarmiutun. L\u2019enqu\u00eate men\u00e9e aupr\u00e8s des collectivit\u00e9s des TNO en 2014 a r\u00e9v\u00e9l\u00e9 que plus de 600\u00a0personnes parlaient l\u2019inuvialuktun. L\u2019inuvialuktun est utilis\u00e9 dans le delta du fleuve Mackenzie, sur l\u2019\u00eele Banks, dans certaines parties de l\u2019\u00eele\u00a0Victoria et sur la c\u00f4te de l\u2019oc\u00e9an Arctique, aux Territoires du Nord-Ouest.<\/p>\n<p>L\u2019<strong><u>inuinnaqtun<\/u><\/strong> est \u00e9galement un dialecte d\u2019inuvialuktun, mais il a re\u00e7u un statut officiel aux TNO. Il existe de nombreuses variantes de l\u2019inuinnaqtun parl\u00e9es dans l\u2019ouest du\u00a0Nunavut, mais une seule variante est utilis\u00e9e aux TNO, le kangiryuarmiutun. L\u2019enqu\u00eate men\u00e9e aupr\u00e8s des collectivit\u00e9s des TNO en 2014 a r\u00e9v\u00e9l\u00e9 qu\u2019il y avait environ 195\u00a0personnes qui parlaient l\u2019inuinnaqtun.<\/p>\n<p>L\u2019<strong><u>inuktitut<\/u><\/strong> est une langue comptant de nombreuses vari\u00e9t\u00e9s parl\u00e9es d\u2019un bout \u00e0 l\u2019autre du\u00a0Nunavut. L\u2019enqu\u00eate men\u00e9e aupr\u00e8s des collectivit\u00e9s des TNO en 2014 a r\u00e9v\u00e9l\u00e9 qu\u2019il y avait environ 200\u00a0personnes qui parlaient l\u2019inuktitut aux TNO. Les locuteurs de cette langue se trouvent partout aux TNO, ce qui en dit long sur la mobilit\u00e9 des Inuits.<\/p>\n","protected":false},"excerpt":{"rendered":"<p>L\u2019inuvialuktun renvoie \u00e0 deux dialectes distincts\u00a0: le siglitun et l\u2019uummarmiutun. L\u2019enqu\u00eate men\u00e9e aupr\u00e8s des collectivit\u00e9s des TNO en 2014 a r\u00e9v\u00e9l\u00e9 que plus de 600\u00a0personnes parlaient l\u2019inuvialuktun. L\u2019inuvialuktun est utilis\u00e9 dans le delta du fleuve Mackenzie, sur l\u2019\u00eele Banks, dans certaines parties de l\u2019\u00eele\u00a0Victoria et sur la c\u00f4te de l\u2019oc\u00e9an Arctique, aux Territoires du Nord-Ouest. &#8230; <a title=\"Langues inuites\" class=\"read-more\" href=\"http:\/\/olc-nt.ca\/fr\/langues\/langues-inuites\/\" aria-label=\"En savoir plus sur Langues inuites\">Read more<\/a><\/p>\n","protected":false},"author":1,"featured_media":0,"parent":1100,"menu_order":3,"comment_status":"closed","ping_status":"closed","template":"","meta":{"generate_page_header":"","jetpack_post_was_ever_published":false,"footnotes":""},"aioseo_notices":[],"jetpack_sharing_enabled":true,"_links":{"self":[{"href":"http:\/\/olc-nt.ca\/fr\/wp-json\/wp\/v2\/pages\/1106"}],"collection":[{"href":"http:\/\/olc-nt.ca\/fr\/wp-json\/wp\/v2\/pages"}],"about":[{"href":"http:\/\/olc-nt.ca\/fr\/wp-json\/wp\/v2\/types\/page"}],"author":[{"embeddable":true,"href":"http:\/\/olc-nt.ca\/fr\/wp-json\/wp\/v2\/users\/1"}],"replies":[{"embeddable":true,"href":"http:\/\/olc-nt.ca\/fr\/wp-json\/wp\/v2\/comments?post=1106"}],"version-history":[{"count":1,"href":"http:\/\/olc-nt.ca\/fr\/wp-json\/wp\/v2\/pages\/1106\/revisions"}],"predecessor-version":[{"id":1107,"href":"http:\/\/olc-nt.ca\/fr\/wp-json\/wp\/v2\/pages\/1106\/revisions\/1107"}],"up":[{"embeddable":true,"href":"http:\/\/olc-nt.ca\/fr\/wp-json\/wp\/v2\/pages\/1100"}],"wp:attachment":[{"href":"http:\/\/olc-nt.ca\/fr\/wp-json\/wp\/v2\/media?parent=1106"}],"curies":[{"name":"wp","href":"https:\/\/api.w.org\/{rel}","templated":true}]}}