{"id":1108,"date":"2017-07-19T21:40:21","date_gmt":"2017-07-19T21:40:21","guid":{"rendered":"http:\/\/olc-nt.ca\/?page_id=1108\/"},"modified":"2017-07-19T21:40:21","modified_gmt":"2017-07-19T21:40:21","slug":"langues-algonquiennes-et-cries","status":"publish","type":"page","link":"http:\/\/olc-nt.ca\/fr\/langues\/langues-algonquiennes-et-cries\/","title":{"rendered":"Langues algonquiennes et cries"},"content":{"rendered":"<p>Le <strong><u>n\u0113hiyaw\u0113win<\/u><\/strong> s\u2019appelle aussi cri. L\u2019enqu\u00eate men\u00e9e aupr\u00e8s des collectivit\u00e9s des TNO en 2014 a r\u00e9v\u00e9l\u00e9 qu\u2019il y avait environ 275\u00a0personnes qui parlaient le n\u0113hiyaw\u0113win. \u00c0 l\u2019\u00e9chelle du Canada, plus de 117\u00a0000\u00a0personnes parlent cette langue; diff\u00e9rentes variantes sont parl\u00e9es du Labrador jusqu\u2019\u00e0 l\u2019Alberta. Les TNO repr\u00e9sentent l\u2019extr\u00e9mit\u00e9 nord de sa zone linguistique.<\/p>\n","protected":false},"excerpt":{"rendered":"<p>Le n\u0113hiyaw\u0113win s\u2019appelle aussi cri. L\u2019enqu\u00eate men\u00e9e aupr\u00e8s des collectivit\u00e9s des TNO en 2014 a r\u00e9v\u00e9l\u00e9 qu\u2019il y avait environ 275\u00a0personnes qui parlaient le n\u0113hiyaw\u0113win. \u00c0 l\u2019\u00e9chelle du Canada, plus de 117\u00a0000\u00a0personnes parlent cette langue; diff\u00e9rentes variantes sont parl\u00e9es du Labrador jusqu\u2019\u00e0 l\u2019Alberta. Les TNO repr\u00e9sentent l\u2019extr\u00e9mit\u00e9 nord de sa zone linguistique.<\/p>\n","protected":false},"author":1,"featured_media":0,"parent":1100,"menu_order":4,"comment_status":"closed","ping_status":"closed","template":"","meta":{"generate_page_header":"","jetpack_post_was_ever_published":false,"footnotes":""},"aioseo_notices":[],"jetpack_sharing_enabled":true,"_links":{"self":[{"href":"http:\/\/olc-nt.ca\/fr\/wp-json\/wp\/v2\/pages\/1108"}],"collection":[{"href":"http:\/\/olc-nt.ca\/fr\/wp-json\/wp\/v2\/pages"}],"about":[{"href":"http:\/\/olc-nt.ca\/fr\/wp-json\/wp\/v2\/types\/page"}],"author":[{"embeddable":true,"href":"http:\/\/olc-nt.ca\/fr\/wp-json\/wp\/v2\/users\/1"}],"replies":[{"embeddable":true,"href":"http:\/\/olc-nt.ca\/fr\/wp-json\/wp\/v2\/comments?post=1108"}],"version-history":[{"count":1,"href":"http:\/\/olc-nt.ca\/fr\/wp-json\/wp\/v2\/pages\/1108\/revisions"}],"predecessor-version":[{"id":1109,"href":"http:\/\/olc-nt.ca\/fr\/wp-json\/wp\/v2\/pages\/1108\/revisions\/1109"}],"up":[{"embeddable":true,"href":"http:\/\/olc-nt.ca\/fr\/wp-json\/wp\/v2\/pages\/1100"}],"wp:attachment":[{"href":"http:\/\/olc-nt.ca\/fr\/wp-json\/wp\/v2\/media?parent=1108"}],"curies":[{"name":"wp","href":"https:\/\/api.w.org\/{rel}","templated":true}]}}