{"id":1110,"date":"2017-07-19T21:41:03","date_gmt":"2017-07-19T21:41:03","guid":{"rendered":"http:\/\/olc-nt.ca\/?page_id=1110\/"},"modified":"2017-07-19T21:41:03","modified_gmt":"2017-07-19T21:41:03","slug":"langues-indo-europeennes","status":"publish","type":"page","link":"http:\/\/olc-nt.ca\/fr\/langues\/langues-indo-europeennes\/","title":{"rendered":"Langues indo-europ\u00e9ennes"},"content":{"rendered":"<p>L\u2019<strong><u>anglais<\/u><\/strong> est l\u2019une des deux\u00a0langues officielles du pays, prot\u00e9g\u00e9es en vertu de la <strong><em>Loi sur les langues officielles<\/em><\/strong> du Canada, qui donne un statut \u00e9gal \u00e0 l\u2019anglais et au fran\u00e7ais au sein du gouvernement f\u00e9d\u00e9ral. \u00c0 l\u2019instar des langues autochtones des TNO, Il existe de nombreuses vari\u00e9t\u00e9s d\u2019anglais parl\u00e9es \u00e0 travers le pays et le monde.<\/p>\n<p>Le <strong><u>fran\u00e7ais<\/u><\/strong> est l\u2019une des deux\u00a0langues officielles du pays, prot\u00e9g\u00e9es en vertu de la <strong><em>Loi sur les langues officielles<\/em><\/strong> du Canada, qui donne un statut \u00e9gal \u00e0 l\u2019anglais et au fran\u00e7ais au sein du gouvernement f\u00e9d\u00e9ral. La plus importante population francophone en Am\u00e9rique du Nord r\u00e9side au Qu\u00e9bec.<\/p>\n","protected":false},"excerpt":{"rendered":"<p>L\u2019anglais est l\u2019une des deux\u00a0langues officielles du pays, prot\u00e9g\u00e9es en vertu de la Loi sur les langues officielles du Canada, qui donne un statut \u00e9gal \u00e0 l\u2019anglais et au fran\u00e7ais au sein du gouvernement f\u00e9d\u00e9ral. \u00c0 l\u2019instar des langues autochtones des TNO, Il existe de nombreuses vari\u00e9t\u00e9s d\u2019anglais parl\u00e9es \u00e0 travers le pays et le &#8230; <a title=\"Langues indo-europ\u00e9ennes\" class=\"read-more\" href=\"http:\/\/olc-nt.ca\/fr\/langues\/langues-indo-europeennes\/\" aria-label=\"En savoir plus sur Langues indo-europ\u00e9ennes\">Read more<\/a><\/p>\n","protected":false},"author":1,"featured_media":0,"parent":1100,"menu_order":5,"comment_status":"closed","ping_status":"closed","template":"","meta":{"generate_page_header":"","jetpack_post_was_ever_published":false,"footnotes":""},"aioseo_notices":[],"jetpack_sharing_enabled":true,"_links":{"self":[{"href":"http:\/\/olc-nt.ca\/fr\/wp-json\/wp\/v2\/pages\/1110"}],"collection":[{"href":"http:\/\/olc-nt.ca\/fr\/wp-json\/wp\/v2\/pages"}],"about":[{"href":"http:\/\/olc-nt.ca\/fr\/wp-json\/wp\/v2\/types\/page"}],"author":[{"embeddable":true,"href":"http:\/\/olc-nt.ca\/fr\/wp-json\/wp\/v2\/users\/1"}],"replies":[{"embeddable":true,"href":"http:\/\/olc-nt.ca\/fr\/wp-json\/wp\/v2\/comments?post=1110"}],"version-history":[{"count":1,"href":"http:\/\/olc-nt.ca\/fr\/wp-json\/wp\/v2\/pages\/1110\/revisions"}],"predecessor-version":[{"id":1111,"href":"http:\/\/olc-nt.ca\/fr\/wp-json\/wp\/v2\/pages\/1110\/revisions\/1111"}],"up":[{"embeddable":true,"href":"http:\/\/olc-nt.ca\/fr\/wp-json\/wp\/v2\/pages\/1100"}],"wp:attachment":[{"href":"http:\/\/olc-nt.ca\/fr\/wp-json\/wp\/v2\/media?parent=1110"}],"curies":[{"name":"wp","href":"https:\/\/api.w.org\/{rel}","templated":true}]}}