{"id":1198,"date":"2017-11-28T16:18:07","date_gmt":"2017-11-28T16:18:07","guid":{"rendered":"https:\/\/olc-nt.ca\/?page_id=1198"},"modified":"2019-08-16T19:46:07","modified_gmt":"2019-08-16T19:46:07","slug":"articles-interessants","status":"publish","type":"page","link":"http:\/\/olc-nt.ca\/fr\/ressources\/articles-interessants\/","title":{"rendered":"Articles int\u00e9ressants"},"content":{"rendered":"<p>Plusieurs membres de l\u2019Association internationale des commissaires linguistiques ont particip\u00e9 \u00e0 la r\u00e9daction de ce livre, y compris Mme Shannon Gullberg, commissaire des TNO.<\/p>\n<p><img loading=\"lazy\" decoding=\"async\" class=\"\" src=\"http:\/\/www.languagecommissioners.org\/userfiles\/images\/Constitutional%20Pioneers%20cover.png\" width=\"199\" height=\"194\" \/><\/p>\n<p><a href=\"http:\/\/www.languagecommissioners.org\/book?lang\">Constitutional Pioneers<\/a><\/p>\n","protected":false},"excerpt":{"rendered":"<p>Plusieurs membres de l\u2019Association internationale des commissaires linguistiques ont particip\u00e9 \u00e0 la r\u00e9daction de ce livre, y compris Mme Shannon Gullberg, commissaire des TNO. Constitutional Pioneers<\/p>\n","protected":false},"author":1,"featured_media":0,"parent":1114,"menu_order":0,"comment_status":"closed","ping_status":"closed","template":"","meta":{"generate_page_header":"","jetpack_post_was_ever_published":false,"footnotes":""},"aioseo_notices":[],"jetpack_sharing_enabled":true,"_links":{"self":[{"href":"http:\/\/olc-nt.ca\/fr\/wp-json\/wp\/v2\/pages\/1198"}],"collection":[{"href":"http:\/\/olc-nt.ca\/fr\/wp-json\/wp\/v2\/pages"}],"about":[{"href":"http:\/\/olc-nt.ca\/fr\/wp-json\/wp\/v2\/types\/page"}],"author":[{"embeddable":true,"href":"http:\/\/olc-nt.ca\/fr\/wp-json\/wp\/v2\/users\/1"}],"replies":[{"embeddable":true,"href":"http:\/\/olc-nt.ca\/fr\/wp-json\/wp\/v2\/comments?post=1198"}],"version-history":[{"count":3,"href":"http:\/\/olc-nt.ca\/fr\/wp-json\/wp\/v2\/pages\/1198\/revisions"}],"predecessor-version":[{"id":1272,"href":"http:\/\/olc-nt.ca\/fr\/wp-json\/wp\/v2\/pages\/1198\/revisions\/1272"}],"up":[{"embeddable":true,"href":"http:\/\/olc-nt.ca\/fr\/wp-json\/wp\/v2\/pages\/1114"}],"wp:attachment":[{"href":"http:\/\/olc-nt.ca\/fr\/wp-json\/wp\/v2\/media?parent=1198"}],"curies":[{"name":"wp","href":"https:\/\/api.w.org\/{rel}","templated":true}]}}