{"id":1381,"date":"2020-06-03T17:11:28","date_gmt":"2020-06-03T17:11:28","guid":{"rendered":"https:\/\/olc-nt.ca\/?page_id=1381"},"modified":"2020-06-03T18:08:44","modified_gmt":"2020-06-03T18:08:44","slug":"rapports-speciaux","status":"publish","type":"page","link":"http:\/\/olc-nt.ca\/fr\/rapports\/rapports-speciaux\/","title":{"rendered":"Rapports sp\u00e9ciaux"},"content":{"rendered":"<p><a href=\"https:\/\/olc-nt.ca\/wp-content\/uploads\/2020\/06\/Rapport-Services-linguistiques-\u00e0-lAssembl\u00e9e-l\u00e9gislative-des-TN-O.pdf\">Rapport &#8211; Services linguistiques \u00e0 l&rsquo;Assembl\u00e9e l\u00e9gislative des TN-O<\/a><\/p>\n","protected":false},"excerpt":{"rendered":"<p>Rapport &#8211; Services linguistiques \u00e0 l&rsquo;Assembl\u00e9e l\u00e9gislative des TN-O<\/p>\n","protected":false},"author":1,"featured_media":0,"parent":1112,"menu_order":0,"comment_status":"closed","ping_status":"closed","template":"","meta":{"generate_page_header":"","jetpack_post_was_ever_published":false,"footnotes":""},"aioseo_notices":[],"jetpack_sharing_enabled":true,"_links":{"self":[{"href":"http:\/\/olc-nt.ca\/fr\/wp-json\/wp\/v2\/pages\/1381"}],"collection":[{"href":"http:\/\/olc-nt.ca\/fr\/wp-json\/wp\/v2\/pages"}],"about":[{"href":"http:\/\/olc-nt.ca\/fr\/wp-json\/wp\/v2\/types\/page"}],"author":[{"embeddable":true,"href":"http:\/\/olc-nt.ca\/fr\/wp-json\/wp\/v2\/users\/1"}],"replies":[{"embeddable":true,"href":"http:\/\/olc-nt.ca\/fr\/wp-json\/wp\/v2\/comments?post=1381"}],"version-history":[{"count":2,"href":"http:\/\/olc-nt.ca\/fr\/wp-json\/wp\/v2\/pages\/1381\/revisions"}],"predecessor-version":[{"id":1386,"href":"http:\/\/olc-nt.ca\/fr\/wp-json\/wp\/v2\/pages\/1381\/revisions\/1386"}],"up":[{"embeddable":true,"href":"http:\/\/olc-nt.ca\/fr\/wp-json\/wp\/v2\/pages\/1112"}],"wp:attachment":[{"href":"http:\/\/olc-nt.ca\/fr\/wp-json\/wp\/v2\/media?parent=1381"}],"curies":[{"name":"wp","href":"https:\/\/api.w.org\/{rel}","templated":true}]}}